{"id":553,"date":"2018-08-23T00:52:06","date_gmt":"2018-08-22T22:52:06","guid":{"rendered":"http:\/\/www.nyje.al\/?page_id=553"},"modified":"2024-08-14T00:41:15","modified_gmt":"2024-08-13T22:41:15","slug":"rreth-nyje","status":"publish","type":"page","link":"https:\/\/nyje.al\/sq\/rreth-nyje\/","title":{"rendered":"Rreth &#8220;NYJE&#8221;"},"content":{"rendered":"<div data-elementor-type=\"wp-page\" data-elementor-id=\"553\" class=\"elementor elementor-553\">\n\t\t\t\t\t\t<section class=\"elementor-section elementor-top-section elementor-element elementor-element-cec4e16 elementor-section-boxed elementor-section-height-default elementor-section-height-default wpr-particle-no wpr-jarallax-no wpr-parallax-no wpr-sticky-section-no\" data-id=\"cec4e16\" data-element_type=\"section\" data-e-type=\"section\">\n\t\t\t\t\t\t<div class=\"elementor-container elementor-column-gap-default\">\n\t\t\t\t\t<div class=\"elementor-column elementor-col-100 elementor-top-column elementor-element elementor-element-30aae654\" data-id=\"30aae654\" data-element_type=\"column\" data-e-type=\"column\">\n\t\t\t<div class=\"elementor-widget-wrap elementor-element-populated\">\n\t\t\t\t\t\t<div class=\"elementor-element elementor-element-20d88b97 elementor-widget elementor-widget-text-editor\" data-id=\"20d88b97\" data-element_type=\"widget\" data-e-type=\"widget\" data-widget_type=\"text-editor.default\">\n\t\t\t\t<div class=\"elementor-widget-container\">\n\t\t\t\t\t\t\t\t\t<p style=\"text-align: center;\"><strong><span style=\"font-size: 42pt; font-family: 'book antiqua', palatino, serif; color: #dd3333;\">\u00a0&#8220;NYJE&#8221;<\/span><\/strong><\/p>\t\t\t\t\t\t\t\t<\/div>\n\t\t\t\t<\/div>\n\t\t\t\t<div class=\"elementor-element elementor-element-87b4de6 elementor-widget elementor-widget-text-editor\" data-id=\"87b4de6\" data-element_type=\"widget\" data-e-type=\"widget\" data-widget_type=\"text-editor.default\">\n\t\t\t\t<div class=\"elementor-widget-container\">\n\t\t\t\t\t\t\t\t\t<p>Nyje.al \u00ebsht\u00eb gazeta elektronike e Kamz\u00ebs, themeluar nga aktivist\u00ebt e Grupit ATA n\u00eb vitin 2017. Si nism\u00eb, nd\u00ebr t\u00eb parat e llojit t\u00eb saj n\u00eb qytetin e Kamz\u00ebs, k\u00ebrkon t\u00eb zhvilloj\u00eb gazetarin\u00eb e angazhuar n\u00eb periferi. Redaksia e Nyjes \u00ebsht\u00eb e p\u00ebrb\u00ebr\u00eb nga aktivist\u00eb, t\u00eb cil\u00ebt raportojn\u00eb dhe hulumtojn\u00eb nga k\u00ebndi i qytetarit t\u00eb angazhuar.<\/p><p>N\u00eb munges\u00eb t\u00eb raportimeve mediatike lokale nga Kamza, <a href=\"https:\/\/nyje.al\/sq\/rreth-nyje\/\">Nyje.al synon<\/a> jo vet\u00ebm raportimin e ngjarjeve nga qyteti, por edhe ofrimin e nj\u00eb tabloje m\u00eb t\u00eb pasur t\u00eb asaj q\u00eb konsideron t\u00eb r\u00ebnd\u00ebsishme p\u00ebr t\u2019u ndjekur nga banor\u00ebt e saj.<\/p><p>N\u00ebp\u00ebrmjet reportazhit, investigimit, opinionit, produksioneve audio-vizuale dhe punishteve t\u00eb gazetaris\u00eb Nyje.al rreket t\u00eb parashtroj\u00eb k\u00ebndv\u00ebshtrime dhe interpretime t\u00eb asaj \u00e7ka ndodh n\u00eb qytet dhe m\u00eb tej, me fokus \u00e7\u00ebshtjet sociale, raportet institucion-qytetar\u00eb, si dhe angazhimin publik t\u00eb banor\u00ebve.<\/p><p>Nyje.al synon t\u2019ia mund\u00ebsoj\u00eb lexuesit mpreht\u00ebsin\u00eb e perceptimit, rritjen e ndjeshm\u00ebris\u00eb sociale dhe vet\u00ebdijes qytetare ndaj \u00e7\u00ebshtjeve aktuale, duke krijuar nj\u00eb hap\u00ebsir\u00eb komunikmi me ata q\u00eb kan\u00eb m\u00eb shum\u00eb nevoj\u00eb: njer\u00ebzit e skajeve.<\/p><p>Nyja si mjet denoncues, informues dhe edukues p\u00ebrpiqet t\u00eb stabilizoj\u00eb nj\u00eb praktik\u00eb t\u00eb q\u00ebndrueshme publikimi, raportimi dhe lidhjeje me lexuesit, duke nyj\u00ebzuar kufijt\u00eb e lokales me t\u00eb qendr\u00ebs.<\/p><p>Redaksia e Nyjes mir\u00ebpret \u00e7do ankes\u00eb, k\u00ebrkes\u00eb, raportim apo denoncim nga qytetar\u00ebt e Kamz\u00ebs. Identiteti i tyre do t\u00eb ruhet n\u00eb konfidencialitet t\u00eb plot\u00eb dhe raportimi i tyre do t\u00eb ndiqet me profesionaliz\u00ebm nga redaksia.<\/p>\t\t\t\t\t\t\t\t<\/div>\n\t\t\t\t<\/div>\n\t\t\t\t\t<\/div>\n\t\t<\/div>\n\t\t\t\t\t<\/div>\n\t\t<\/section>\n\t\t\t\t<\/div>","protected":false},"excerpt":{"rendered":"<p>\u00a0&#8220;NYJE&#8221; Nyje.al \u00ebsht\u00eb gazeta elektronike e Kamz\u00ebs, themeluar nga aktivist\u00ebt e Grupit ATA n\u00eb vitin 2017. Si nism\u00eb, nd\u00ebr t\u00eb parat e llojit t\u00eb saj n\u00eb qytetin e Kamz\u00ebs, k\u00ebrkon t\u00eb zhvilloj\u00eb gazetarin\u00eb e angazhuar n\u00eb periferi. Redaksia e Nyjes \u00ebsht\u00eb e p\u00ebrb\u00ebr\u00eb nga aktivist\u00eb, t\u00eb cil\u00ebt raportojn\u00eb dhe hulumtojn\u00eb nga k\u00ebndi i qytetarit t\u00eb angazhuar. N\u00eb munges\u00eb t\u00eb raportimeve mediatike lokale nga Kamza, Nyje.al synon jo vet\u00ebm raportimin e ngjarjeve nga qyteti, por edhe ofrimin e nj\u00eb tabloje m\u00eb t\u00eb pasur t\u00eb asaj q\u00eb konsideron t\u00eb r\u00ebnd\u00ebsishme p\u00ebr t\u2019u ndjekur nga banor\u00ebt e saj. N\u00ebp\u00ebrmjet reportazhit, investigimit, opinionit, produksioneve audio-vizuale dhe punishteve t\u00eb gazetaris\u00eb Nyje.al rreket t\u00eb parashtroj\u00eb k\u00ebndv\u00ebshtrime dhe interpretime t\u00eb asaj \u00e7ka ndodh n\u00eb qytet dhe m\u00eb tej, me fokus \u00e7\u00ebshtjet sociale, raportet institucion-qytetar\u00eb, si dhe angazhimin publik t\u00eb banor\u00ebve. Nyje.al synon t\u2019ia mund\u00ebsoj\u00eb lexuesit mpreht\u00ebsin\u00eb e perceptimit, rritjen e ndjeshm\u00ebris\u00eb sociale dhe vet\u00ebdijes qytetare ndaj \u00e7\u00ebshtjeve aktuale, duke krijuar nj\u00eb hap\u00ebsir\u00eb komunikmi me ata q\u00eb kan\u00eb m\u00eb shum\u00eb nevoj\u00eb: njer\u00ebzit e skajeve. Nyja si mjet denoncues, informues dhe edukues p\u00ebrpiqet t\u00eb stabilizoj\u00eb nj\u00eb praktik\u00eb t\u00eb q\u00ebndrueshme publikimi, raportimi dhe lidhjeje me lexuesit, duke nyj\u00ebzuar kufijt\u00eb e lokales me t\u00eb qendr\u00ebs. Redaksia e Nyjes mir\u00ebpret \u00e7do ankes\u00eb, k\u00ebrkes\u00eb, raportim apo denoncim nga qytetar\u00ebt e Kamz\u00ebs. Identiteti i tyre do t\u00eb ruhet n\u00eb konfidencialitet t\u00eb plot\u00eb dhe raportimi i tyre do t\u00eb ndiqet me profesionaliz\u00ebm nga redaksia.<\/p>","protected":false},"author":1,"featured_media":0,"parent":0,"menu_order":0,"comment_status":"closed","ping_status":"closed","template":"","meta":{"episode_type":"","audio_file":"","podmotor_file_id":"","podmotor_episode_id":"","cover_image":"","cover_image_id":"","duration":"","filesize":"","filesize_raw":"","date_recorded":"","explicit":"","block":"","ocean_post_layout":"full-width","ocean_both_sidebars_style":"","ocean_both_sidebars_content_width":0,"ocean_both_sidebars_sidebars_width":0,"ocean_sidebar":"0","ocean_second_sidebar":"0","ocean_disable_margins":"enable","ocean_add_body_class":"","ocean_shortcode_before_top_bar":"","ocean_shortcode_after_top_bar":"","ocean_shortcode_before_header":"","ocean_shortcode_after_header":"","ocean_has_shortcode":"","ocean_shortcode_after_title":"","ocean_shortcode_before_footer_widgets":"","ocean_shortcode_after_footer_widgets":"","ocean_shortcode_before_footer_bottom":"","ocean_shortcode_after_footer_bottom":"","ocean_display_top_bar":"default","ocean_display_header":"default","ocean_header_style":"","ocean_center_header_left_menu":"0","ocean_custom_header_template":"0","ocean_custom_logo":0,"ocean_custom_retina_logo":0,"ocean_custom_logo_max_width":0,"ocean_custom_logo_tablet_max_width":0,"ocean_custom_logo_mobile_max_width":0,"ocean_custom_logo_max_height":0,"ocean_custom_logo_tablet_max_height":0,"ocean_custom_logo_mobile_max_height":0,"ocean_header_custom_menu":"0","ocean_menu_typo_font_family":"0","ocean_menu_typo_font_subset":"","ocean_menu_typo_font_size":0,"ocean_menu_typo_font_size_tablet":0,"ocean_menu_typo_font_size_mobile":0,"ocean_menu_typo_font_size_unit":"px","ocean_menu_typo_font_weight":"","ocean_menu_typo_font_weight_tablet":"","ocean_menu_typo_font_weight_mobile":"","ocean_menu_typo_transform":"","ocean_menu_typo_transform_tablet":"","ocean_menu_typo_transform_mobile":"","ocean_menu_typo_line_height":0,"ocean_menu_typo_line_height_tablet":0,"ocean_menu_typo_line_height_mobile":0,"ocean_menu_typo_line_height_unit":"","ocean_menu_typo_spacing":0,"ocean_menu_typo_spacing_tablet":0,"ocean_menu_typo_spacing_mobile":0,"ocean_menu_typo_spacing_unit":"","ocean_menu_link_color":"","ocean_menu_link_color_hover":"","ocean_menu_link_color_active":"","ocean_menu_link_background":"","ocean_menu_link_hover_background":"","ocean_menu_link_active_background":"","ocean_menu_social_links_bg":"","ocean_menu_social_hover_links_bg":"","ocean_menu_social_links_color":"","ocean_menu_social_hover_links_color":"","ocean_disable_title":"on","ocean_disable_heading":"default","ocean_post_title":"","ocean_post_subheading":"","ocean_post_title_style":"","ocean_post_title_background_color":"","ocean_post_title_background":0,"ocean_post_title_bg_image_position":"","ocean_post_title_bg_image_attachment":"","ocean_post_title_bg_image_repeat":"","ocean_post_title_bg_image_size":"","ocean_post_title_height":0,"ocean_post_title_bg_overlay":0.5,"ocean_post_title_bg_overlay_color":"","ocean_disable_breadcrumbs":"default","ocean_breadcrumbs_color":"","ocean_breadcrumbs_separator_color":"","ocean_breadcrumbs_links_color":"","ocean_breadcrumbs_links_hover_color":"","ocean_display_footer_widgets":"default","ocean_display_footer_bottom":"default","ocean_custom_footer_template":"0","footnotes":""},"class_list":["post-553","page","type-page","status-publish","hentry","entry"],"_links":{"self":[{"href":"https:\/\/nyje.al\/sq\/wp-json\/wp\/v2\/pages\/553","targetHints":{"allow":["GET"]}}],"collection":[{"href":"https:\/\/nyje.al\/sq\/wp-json\/wp\/v2\/pages"}],"about":[{"href":"https:\/\/nyje.al\/sq\/wp-json\/wp\/v2\/types\/page"}],"author":[{"embeddable":true,"href":"https:\/\/nyje.al\/sq\/wp-json\/wp\/v2\/users\/1"}],"replies":[{"embeddable":true,"href":"https:\/\/nyje.al\/sq\/wp-json\/wp\/v2\/comments?post=553"}],"version-history":[{"count":21,"href":"https:\/\/nyje.al\/sq\/wp-json\/wp\/v2\/pages\/553\/revisions"}],"predecessor-version":[{"id":24139,"href":"https:\/\/nyje.al\/sq\/wp-json\/wp\/v2\/pages\/553\/revisions\/24139"}],"wp:attachment":[{"href":"https:\/\/nyje.al\/sq\/wp-json\/wp\/v2\/media?parent=553"}],"curies":[{"name":"wp","href":"https:\/\/api.w.org\/{rel}","templated":true}]}}