{"id":527,"date":"2018-08-22T18:36:51","date_gmt":"2018-08-22T16:36:51","guid":{"rendered":"http:\/\/www.nyje.al\/?page_id=527"},"modified":"2024-08-14T12:17:10","modified_gmt":"2024-08-14T10:17:10","slug":"njerez-te-kamzes","status":"publish","type":"page","link":"https:\/\/nyje.al\/sq\/njerez-te-kamzes\/","title":{"rendered":"Njer\u00ebz te Kamz\u00ebs"},"content":{"rendered":"<div data-elementor-type=\"wp-post\" data-elementor-id=\"527\" class=\"elementor elementor-527\">\n\t\t\t\t<div class=\"elementor-element elementor-element-0a09173 e-flex e-con-boxed wpr-particle-no wpr-jarallax-no wpr-parallax-no wpr-sticky-section-no e-con e-parent\" data-id=\"0a09173\" data-element_type=\"container\" data-e-type=\"container\" data-settings=\"{&quot;background_background&quot;:&quot;classic&quot;}\">\n\t\t\t\t\t<div class=\"e-con-inner\">\n\t\t<div class=\"elementor-element elementor-element-3aa02e6 e-flex e-con-boxed wpr-particle-no wpr-jarallax-no wpr-parallax-no wpr-sticky-section-no e-con e-child\" data-id=\"3aa02e6\" data-element_type=\"container\" data-e-type=\"container\">\n\t\t\t\t\t<div class=\"e-con-inner\">\n\t\t\t\t<div class=\"elementor-element elementor-element-5b64fcd premium-blog-align-left elementor-widget elementor-widget-premium-addon-blog\" data-id=\"5b64fcd\" data-element_type=\"widget\" data-e-type=\"widget\" data-settings=\"{&quot;premium_blog_columns_number&quot;:&quot;33.33%&quot;,&quot;premium_blog_columns_number_tablet&quot;:&quot;100%&quot;,&quot;premium_blog_grid&quot;:&quot;yes&quot;,&quot;premium_blog_layout&quot;:&quot;even&quot;,&quot;premium_blog_columns_number_mobile&quot;:&quot;100%&quot;,&quot;scroll_to_offset&quot;:&quot;yes&quot;}\" data-widget_type=\"premium-addon-blog.default\">\n\t\t\t\t<div class=\"elementor-widget-container\">\n\t\t\t\t\t\n\t\t\n\n\t\t\t\t<div class=\"premium-blog-wrap  premium-blog-even\" data-page=\"527\" data-pagination=\"true\">\n\t\t\t\t\t\t\t\t\t<div class=\"premium-blog-post-outer-container\" data-total=\"7\">\n\t\t\t<div class=\"premium-blog-post-container premium-blog-skin-classic\">\n\t\t\t\t\t\t\t\t\t<div class=\"premium-blog-thumb-effect-wrapper\">\n\t\t\t\t\t\t<div class=\"premium-blog-thumbnail-container premium-blog-none-effect\">\n\t\t\t\t\t\t\t<img fetchpriority=\"high\" decoding=\"async\" width=\"1216\" height=\"463\" src=\"https:\/\/nyje.al\/wp-content\/uploads\/2025\/07\/histori.jpg\" class=\"attachment-full size-full wp-image-28983\" alt=\"\" srcset=\"https:\/\/nyje.al\/wp-content\/uploads\/2025\/07\/histori.jpg 1216w, https:\/\/nyje.al\/wp-content\/uploads\/2025\/07\/histori-768x292.jpg 768w, https:\/\/nyje.al\/wp-content\/uploads\/2025\/07\/histori-18x7.jpg 18w\" sizes=\"(max-width: 1216px) 100vw, 1216px\" \/>\t\t\t\t\t\t<\/div>\n\t\t\t\t\t\t\t\t\t\t\t\t\t<div class=\"premium-blog-thumbnail-overlay\">\n\t\t\t\t\t\t\t\t<a class=\"elementor-icon\" href=\"https:\/\/nyje.al\/sq\/me-ba-vend-nhistori-perbashkime-te-fragmentuara\/\" target=\"_self\"><\/a>\n\t\t\t\t\t\t\t<\/div>\n\n\t\t\t\t\t\t\t\t\t\t\t\t\t\t\t\t\t\t<\/div>\n\t\t\t\t\t\t\t\t\t\t\t\t<div class=\"premium-blog-content-wrapper\">\n\n\t\t\t\t\t<div class=\"premium-blog-inner-container\">\n\n\t\t\t\t\t\t\t\t\t\t\t\t\t\t<h2 class=\"premium-blog-entry-title\">\n\t\t\t<a href=\"https:\/\/nyje.al\/sq\/me-ba-vend-nhistori-perbashkime-te-fragmentuara\/\" target=\"_self\">\n\t\t\t\tMe ba vend n\u2019histori: p\u00ebrbashkime t\u00eb fragmentuara\t\t\t<\/a>\n\t\t<\/h2>\n\t\t\t\t<div class=\"premium-blog-entry-meta\">\n\t\t\t\n\t\t\t\t\t\t\t<span class=\"premium-blog-meta-separator\">\u2022<\/span>\n\t\t\t\t<div class=\"premium-blog-post-time premium-blog-meta-data\">\n\t\t\t\t\t<i class=\"fa fa-calendar-alt\" aria-hidden=\"true\"><\/i>\n\t\t\t\t\t<span>06\/07\/2025<\/span>\n\t\t\t\t<\/div>\n\t\t\t\n\t\t\t\t\t\t\t<span class=\"premium-blog-meta-separator\">\u2022<\/span>\n\t\t\t\t<div class=\"premium-blog-post-categories premium-blog-meta-data\">\n\t\t\t\t\t<i class=\"fa fa-align-left fa-fw\" aria-hidden=\"true\"><\/i>\n\t\t\t\t\t<a href=\"https:\/\/nyje.al\/sq\/category\/personazh\/\" rel=\"category tag\">Njer\u00ebz t\u00eb Kamz\u00ebs<\/a>, <a href=\"https:\/\/nyje.al\/sq\/category\/kryenyje\/\" rel=\"category tag\">Nyje e re<\/a>, <a href=\"https:\/\/nyje.al\/sq\/category\/raportime-te-thelluara\/\" rel=\"category tag\">Raportime te thelluara<\/a>\t\t\t\t<\/div>\n\t\t\t\n\t\t\t\t\t<\/div>\n\t\t\n\t\t\t\t\t<\/div>\n\n\t\t\t\t\t\t\t\t\t\t\n\t\t\t\t<\/div>\n\t\t\t<\/div>\n\t\t<\/div>\n\n\t\t\t\t<div class=\"premium-blog-post-outer-container\" data-total=\"7\">\n\t\t\t<div class=\"premium-blog-post-container premium-blog-skin-classic\">\n\t\t\t\t\t\t\t\t\t<div class=\"premium-blog-thumb-effect-wrapper\">\n\t\t\t\t\t\t<div class=\"premium-blog-thumbnail-container premium-blog-none-effect\">\n\t\t\t\t\t\t\t<img decoding=\"async\" width=\"1600\" height=\"900\" src=\"https:\/\/nyje.al\/wp-content\/uploads\/2025\/06\/qendra-shendetesore-kamez.jpeg\" class=\"attachment-full size-full wp-image-28945\" alt=\"\" srcset=\"https:\/\/nyje.al\/wp-content\/uploads\/2025\/06\/qendra-shendetesore-kamez.jpeg 1600w, https:\/\/nyje.al\/wp-content\/uploads\/2025\/06\/qendra-shendetesore-kamez-768x432.jpeg 768w, https:\/\/nyje.al\/wp-content\/uploads\/2025\/06\/qendra-shendetesore-kamez-1536x864.jpeg 1536w, https:\/\/nyje.al\/wp-content\/uploads\/2025\/06\/qendra-shendetesore-kamez-18x10.jpeg 18w, https:\/\/nyje.al\/wp-content\/uploads\/2025\/06\/qendra-shendetesore-kamez-800x450.jpeg 800w, https:\/\/nyje.al\/wp-content\/uploads\/2025\/06\/qendra-shendetesore-kamez-1320x743.jpeg 1320w\" sizes=\"(max-width: 1600px) 100vw, 1600px\" \/>\t\t\t\t\t\t<\/div>\n\t\t\t\t\t\t\t\t\t\t\t\t\t<div class=\"premium-blog-thumbnail-overlay\">\n\t\t\t\t\t\t\t\t<a class=\"elementor-icon\" href=\"https:\/\/nyje.al\/sq\/nevoja-per-nje-spital-ne-kamez\/\" target=\"_self\"><\/a>\n\t\t\t\t\t\t\t<\/div>\n\n\t\t\t\t\t\t\t\t\t\t\t\t\t\t\t\t\t\t<\/div>\n\t\t\t\t\t\t\t\t\t\t\t\t<div class=\"premium-blog-content-wrapper\">\n\n\t\t\t\t\t<div class=\"premium-blog-inner-container\">\n\n\t\t\t\t\t\t\t\t\t\t\t\t\t\t<h2 class=\"premium-blog-entry-title\">\n\t\t\t<a href=\"https:\/\/nyje.al\/sq\/nevoja-per-nje-spital-ne-kamez\/\" target=\"_self\">\n\t\t\t\tNevoja p\u00ebr nj\u00eb spital n\u00eb Kam\u00ebz\t\t\t<\/a>\n\t\t<\/h2>\n\t\t\t\t<div class=\"premium-blog-entry-meta\">\n\t\t\t\n\t\t\t\t\t\t\t<span class=\"premium-blog-meta-separator\">\u2022<\/span>\n\t\t\t\t<div class=\"premium-blog-post-time premium-blog-meta-data\">\n\t\t\t\t\t<i class=\"fa fa-calendar-alt\" aria-hidden=\"true\"><\/i>\n\t\t\t\t\t<span>22\/06\/2025<\/span>\n\t\t\t\t<\/div>\n\t\t\t\n\t\t\t\t\t\t\t<span class=\"premium-blog-meta-separator\">\u2022<\/span>\n\t\t\t\t<div class=\"premium-blog-post-categories premium-blog-meta-data\">\n\t\t\t\t\t<i class=\"fa fa-align-left fa-fw\" aria-hidden=\"true\"><\/i>\n\t\t\t\t\t<a href=\"https:\/\/nyje.al\/sq\/category\/personazh\/\" rel=\"category tag\">Njer\u00ebz t\u00eb Kamz\u00ebs<\/a>, <a href=\"https:\/\/nyje.al\/sq\/category\/kryenyje\/\" rel=\"category tag\">Nyje e re<\/a>, <a href=\"https:\/\/nyje.al\/sq\/category\/raportime-te-thelluara\/\" rel=\"category tag\">Raportime te thelluara<\/a>\t\t\t\t<\/div>\n\t\t\t\n\t\t\t\t\t<\/div>\n\t\t\n\t\t\t\t\t<\/div>\n\n\t\t\t\t\t\t\t\t\t\t\n\t\t\t\t<\/div>\n\t\t\t<\/div>\n\t\t<\/div>\n\n\t\t\t\t<div class=\"premium-blog-post-outer-container\" data-total=\"7\">\n\t\t\t<div class=\"premium-blog-post-container premium-blog-skin-classic\">\n\t\t\t\t\t\t\t\t\t<div class=\"premium-blog-thumb-effect-wrapper\">\n\t\t\t\t\t\t<div class=\"premium-blog-thumbnail-container premium-blog-none-effect\">\n\t\t\t\t\t\t\t<img decoding=\"async\" width=\"673\" height=\"505\" src=\"https:\/\/nyje.al\/wp-content\/uploads\/2025\/04\/Snapseed-1.jpeg\" class=\"attachment-full size-full wp-image-28364\" alt=\"\" srcset=\"https:\/\/nyje.al\/wp-content\/uploads\/2025\/04\/Snapseed-1.jpeg 673w, https:\/\/nyje.al\/wp-content\/uploads\/2025\/04\/Snapseed-1-16x12.jpeg 16w\" sizes=\"(max-width: 673px) 100vw, 673px\" \/>\t\t\t\t\t\t<\/div>\n\t\t\t\t\t\t\t\t\t\t\t\t\t<div class=\"premium-blog-thumbnail-overlay\">\n\t\t\t\t\t\t\t\t<a class=\"elementor-icon\" href=\"https:\/\/nyje.al\/sq\/kamza-tkurr-hapesirat-publike-per-banoret-dhe-fryn-siperfaqet-per-administraten\/\" target=\"_self\"><\/a>\n\t\t\t\t\t\t\t<\/div>\n\n\t\t\t\t\t\t\t\t\t\t\t\t\t\t\t\t\t\t<\/div>\n\t\t\t\t\t\t\t\t\t\t\t\t<div class=\"premium-blog-content-wrapper\">\n\n\t\t\t\t\t<div class=\"premium-blog-inner-container\">\n\n\t\t\t\t\t\t\t\t\t\t\t\t\t\t<h2 class=\"premium-blog-entry-title\">\n\t\t\t<a href=\"https:\/\/nyje.al\/sq\/kamza-tkurr-hapesirat-publike-per-banoret-dhe-fryn-siperfaqet-per-administraten\/\" target=\"_self\">\n\t\t\t\tKamza tkurr hap\u00ebsirat publike p\u00ebr banor\u00ebt dhe fryn sip\u00ebrfaqet p\u00ebr administrat\u00ebn\t\t\t<\/a>\n\t\t<\/h2>\n\t\t\t\t<div class=\"premium-blog-entry-meta\">\n\t\t\t\n\t\t\t\t\t\t\t<span class=\"premium-blog-meta-separator\">\u2022<\/span>\n\t\t\t\t<div class=\"premium-blog-post-time premium-blog-meta-data\">\n\t\t\t\t\t<i class=\"fa fa-calendar-alt\" aria-hidden=\"true\"><\/i>\n\t\t\t\t\t<span>18\/04\/2025<\/span>\n\t\t\t\t<\/div>\n\t\t\t\n\t\t\t\t\t\t\t<span class=\"premium-blog-meta-separator\">\u2022<\/span>\n\t\t\t\t<div class=\"premium-blog-post-categories premium-blog-meta-data\">\n\t\t\t\t\t<i class=\"fa fa-align-left fa-fw\" aria-hidden=\"true\"><\/i>\n\t\t\t\t\t<a href=\"https:\/\/nyje.al\/sq\/category\/personazh\/\" rel=\"category tag\">Njer\u00ebz t\u00eb Kamz\u00ebs<\/a>, <a href=\"https:\/\/nyje.al\/sq\/category\/kryenyje\/\" rel=\"category tag\">Nyje e re<\/a>, <a href=\"https:\/\/nyje.al\/sq\/category\/raportime-te-thelluara\/\" rel=\"category tag\">Raportime te thelluara<\/a>\t\t\t\t<\/div>\n\t\t\t\n\t\t\t\t\t<\/div>\n\t\t\n\t\t\t\t\t<\/div>\n\n\t\t\t\t\t\t\t\t\t\t\n\t\t\t\t<\/div>\n\t\t\t<\/div>\n\t\t<\/div>\n\n\t\t\t\t<div class=\"premium-blog-post-outer-container\" data-total=\"7\">\n\t\t\t<div class=\"premium-blog-post-container premium-blog-skin-classic\">\n\t\t\t\t\t\t\t\t\t<div class=\"premium-blog-thumb-effect-wrapper\">\n\t\t\t\t\t\t<div class=\"premium-blog-thumbnail-container premium-blog-none-effect\">\n\t\t\t\t\t\t\t<img loading=\"lazy\" decoding=\"async\" width=\"1920\" height=\"880\" src=\"https:\/\/nyje.al\/wp-content\/uploads\/2025\/03\/shtepia-zall-mner.png\" class=\"attachment-full size-full wp-image-28181\" alt=\"\" srcset=\"https:\/\/nyje.al\/wp-content\/uploads\/2025\/03\/shtepia-zall-mner.png 1920w, https:\/\/nyje.al\/wp-content\/uploads\/2025\/03\/shtepia-zall-mner-768x352.png 768w, https:\/\/nyje.al\/wp-content\/uploads\/2025\/03\/shtepia-zall-mner-1536x704.png 1536w, https:\/\/nyje.al\/wp-content\/uploads\/2025\/03\/shtepia-zall-mner-18x8.png 18w, https:\/\/nyje.al\/wp-content\/uploads\/2025\/03\/shtepia-zall-mner-1320x605.png 1320w\" sizes=\"(max-width: 1920px) 100vw, 1920px\" \/>\t\t\t\t\t\t<\/div>\n\t\t\t\t\t\t\t\t\t\t\t\t\t<div class=\"premium-blog-thumbnail-overlay\">\n\t\t\t\t\t\t\t\t<a class=\"elementor-icon\" href=\"https:\/\/nyje.al\/sq\/egjiptianet-e-kamzes-mes-varferise-dhe-skajimit\/\" target=\"_self\"><\/a>\n\t\t\t\t\t\t\t<\/div>\n\n\t\t\t\t\t\t\t\t\t\t\t\t\t\t\t\t\t\t<\/div>\n\t\t\t\t\t\t\t\t\t\t\t\t<div class=\"premium-blog-content-wrapper\">\n\n\t\t\t\t\t<div class=\"premium-blog-inner-container\">\n\n\t\t\t\t\t\t\t\t\t\t\t\t\t\t<h2 class=\"premium-blog-entry-title\">\n\t\t\t<a href=\"https:\/\/nyje.al\/sq\/egjiptianet-e-kamzes-mes-varferise-dhe-skajimit\/\" target=\"_self\">\n\t\t\t\tEgjiptian\u00ebt e Kamz\u00ebs mes varf\u00ebris\u00eb dhe skajimit\t\t\t<\/a>\n\t\t<\/h2>\n\t\t\t\t<div class=\"premium-blog-entry-meta\">\n\t\t\t\n\t\t\t\t\t\t\t<span class=\"premium-blog-meta-separator\">\u2022<\/span>\n\t\t\t\t<div class=\"premium-blog-post-time premium-blog-meta-data\">\n\t\t\t\t\t<i class=\"fa fa-calendar-alt\" aria-hidden=\"true\"><\/i>\n\t\t\t\t\t<span>23\/03\/2025<\/span>\n\t\t\t\t<\/div>\n\t\t\t\n\t\t\t\t\t\t\t<span class=\"premium-blog-meta-separator\">\u2022<\/span>\n\t\t\t\t<div class=\"premium-blog-post-categories premium-blog-meta-data\">\n\t\t\t\t\t<i class=\"fa fa-align-left fa-fw\" aria-hidden=\"true\"><\/i>\n\t\t\t\t\t<a href=\"https:\/\/nyje.al\/sq\/category\/personazh\/\" rel=\"category tag\">Njer\u00ebz t\u00eb Kamz\u00ebs<\/a>, <a href=\"https:\/\/nyje.al\/sq\/category\/kryenyje\/\" rel=\"category tag\">Nyje e re<\/a>, <a href=\"https:\/\/nyje.al\/sq\/category\/raportime-te-thelluara\/\" rel=\"category tag\">Raportime te thelluara<\/a>\t\t\t\t<\/div>\n\t\t\t\n\t\t\t\t\t<\/div>\n\t\t\n\t\t\t\t\t<\/div>\n\n\t\t\t\t\t\t\t\t\t\t\n\t\t\t\t<\/div>\n\t\t\t<\/div>\n\t\t<\/div>\n\n\t\t\t\t<div class=\"premium-blog-post-outer-container\" data-total=\"7\">\n\t\t\t<div class=\"premium-blog-post-container premium-blog-skin-classic\">\n\t\t\t\t\t\t\t\t\t<div class=\"premium-blog-thumb-effect-wrapper\">\n\t\t\t\t\t\t<div class=\"premium-blog-thumbnail-container premium-blog-none-effect\">\n\t\t\t\t\t\t\t<img loading=\"lazy\" decoding=\"async\" width=\"1600\" height=\"900\" src=\"https:\/\/nyje.al\/wp-content\/uploads\/2025\/02\/header.jpeg\" class=\"attachment-full size-full wp-image-27921\" alt=\"\" srcset=\"https:\/\/nyje.al\/wp-content\/uploads\/2025\/02\/header.jpeg 1600w, https:\/\/nyje.al\/wp-content\/uploads\/2025\/02\/header-768x432.jpeg 768w, https:\/\/nyje.al\/wp-content\/uploads\/2025\/02\/header-1536x864.jpeg 1536w, https:\/\/nyje.al\/wp-content\/uploads\/2025\/02\/header-18x10.jpeg 18w, https:\/\/nyje.al\/wp-content\/uploads\/2025\/02\/header-800x450.jpeg 800w, https:\/\/nyje.al\/wp-content\/uploads\/2025\/02\/header-1320x743.jpeg 1320w\" sizes=\"(max-width: 1600px) 100vw, 1600px\" \/>\t\t\t\t\t\t<\/div>\n\t\t\t\t\t\t\t\t\t\t\t\t\t<div class=\"premium-blog-thumbnail-overlay\">\n\t\t\t\t\t\t\t\t<a class=\"elementor-icon\" href=\"https:\/\/nyje.al\/sq\/sendi-shteteror-dhe-njerezit-si-hapesira-kulture\/\" target=\"_self\"><\/a>\n\t\t\t\t\t\t\t<\/div>\n\n\t\t\t\t\t\t\t\t\t\t\t\t\t\t\t\t\t\t<\/div>\n\t\t\t\t\t\t\t\t\t\t\t\t<div class=\"premium-blog-content-wrapper\">\n\n\t\t\t\t\t<div class=\"premium-blog-inner-container\">\n\n\t\t\t\t\t\t\t\t\t\t\t\t\t\t<h2 class=\"premium-blog-entry-title\">\n\t\t\t<a href=\"https:\/\/nyje.al\/sq\/sendi-shteteror-dhe-njerezit-si-hapesira-kulture\/\" target=\"_self\">\n\t\t\t\tSendi shtet\u00ebror dhe njer\u00ebzit si hap\u00ebsira kulture\t\t\t<\/a>\n\t\t<\/h2>\n\t\t\t\t<div class=\"premium-blog-entry-meta\">\n\t\t\t\n\t\t\t\t\t\t\t<span class=\"premium-blog-meta-separator\">\u2022<\/span>\n\t\t\t\t<div class=\"premium-blog-post-time premium-blog-meta-data\">\n\t\t\t\t\t<i class=\"fa fa-calendar-alt\" aria-hidden=\"true\"><\/i>\n\t\t\t\t\t<span>25\/02\/2025<\/span>\n\t\t\t\t<\/div>\n\t\t\t\n\t\t\t\t\t\t\t<span class=\"premium-blog-meta-separator\">\u2022<\/span>\n\t\t\t\t<div class=\"premium-blog-post-categories premium-blog-meta-data\">\n\t\t\t\t\t<i class=\"fa fa-align-left fa-fw\" aria-hidden=\"true\"><\/i>\n\t\t\t\t\t<a href=\"https:\/\/nyje.al\/sq\/category\/kulture\/\" rel=\"category tag\">Kultur\u00eb<\/a>, <a href=\"https:\/\/nyje.al\/sq\/category\/personazh\/\" rel=\"category tag\">Njer\u00ebz t\u00eb Kamz\u00ebs<\/a>, <a href=\"https:\/\/nyje.al\/sq\/category\/kryenyje\/\" rel=\"category tag\">Nyje e re<\/a>, <a href=\"https:\/\/nyje.al\/sq\/category\/raportime-te-thelluara\/\" rel=\"category tag\">Raportime te thelluara<\/a>\t\t\t\t<\/div>\n\t\t\t\n\t\t\t\t\t<\/div>\n\t\t\n\t\t\t\t\t<\/div>\n\n\t\t\t\t\t\t\t\t\t\t\n\t\t\t\t<\/div>\n\t\t\t<\/div>\n\t\t<\/div>\n\n\t\t\t\t<div class=\"premium-blog-post-outer-container\" data-total=\"7\">\n\t\t\t<div class=\"premium-blog-post-container premium-blog-skin-classic\">\n\t\t\t\t\t\t\t\t\t<div class=\"premium-blog-thumb-effect-wrapper\">\n\t\t\t\t\t\t<div class=\"premium-blog-thumbnail-container premium-blog-none-effect\">\n\t\t\t\t\t\t\t<img loading=\"lazy\" decoding=\"async\" width=\"1382\" height=\"1843\" src=\"https:\/\/nyje.al\/wp-content\/uploads\/2023\/01\/laura-chouette-G1yxXc_uLfc-unsplash-scaled.jpg\" class=\"attachment-full size-full wp-image-17967\" alt=\"Laura Chouette-Unsplash\" \/>\t\t\t\t\t\t<\/div>\n\t\t\t\t\t\t\t\t\t\t\t\t\t<div class=\"premium-blog-thumbnail-overlay\">\n\t\t\t\t\t\t\t\t<a class=\"elementor-icon\" href=\"https:\/\/nyje.al\/sq\/marisa\/\" target=\"_self\"><\/a>\n\t\t\t\t\t\t\t<\/div>\n\n\t\t\t\t\t\t\t\t\t\t\t\t\t\t\t\t\t\t<\/div>\n\t\t\t\t\t\t\t\t\t\t\t\t<div class=\"premium-blog-content-wrapper\">\n\n\t\t\t\t\t<div class=\"premium-blog-inner-container\">\n\n\t\t\t\t\t\t\t\t\t\t\t\t\t\t<h2 class=\"premium-blog-entry-title\">\n\t\t\t<a href=\"https:\/\/nyje.al\/sq\/marisa\/\" target=\"_self\">\n\t\t\t\tMarisa\t\t\t<\/a>\n\t\t<\/h2>\n\t\t\t\t<div class=\"premium-blog-entry-meta\">\n\t\t\t\n\t\t\t\t\t\t\t<span class=\"premium-blog-meta-separator\">\u2022<\/span>\n\t\t\t\t<div class=\"premium-blog-post-time premium-blog-meta-data\">\n\t\t\t\t\t<i class=\"fa fa-calendar-alt\" aria-hidden=\"true\"><\/i>\n\t\t\t\t\t<span>21\/01\/2023<\/span>\n\t\t\t\t<\/div>\n\t\t\t\n\t\t\t\t\t\t\t<span class=\"premium-blog-meta-separator\">\u2022<\/span>\n\t\t\t\t<div class=\"premium-blog-post-categories premium-blog-meta-data\">\n\t\t\t\t\t<i class=\"fa fa-align-left fa-fw\" aria-hidden=\"true\"><\/i>\n\t\t\t\t\t<a href=\"https:\/\/nyje.al\/sq\/category\/personazh\/\" rel=\"category tag\">Njer\u00ebz t\u00eb Kamz\u00ebs<\/a>, <a href=\"https:\/\/nyje.al\/sq\/category\/kryenyje\/\" rel=\"category tag\">Nyje e re<\/a>\t\t\t\t<\/div>\n\t\t\t\n\t\t\t\t\t<\/div>\n\t\t\n\t\t\t\t\t<\/div>\n\n\t\t\t\t\t\t\t\t\t\t\n\t\t\t\t<\/div>\n\t\t\t<\/div>\n\t\t<\/div>\n\n\t\t\t\t\t\t\t<\/div>\n\n\t\t\t\t\t<div class=\"premium-blog-footer\">\n\t\t\t\t\t\t\t<nav class=\"premium-blog-pagination-container\" role=\"navigation\" aria-label=\"Pagination\">\n\t\t\t\t<span aria-current=\"page\" class=\"page-numbers current\">1<\/span>\n<a class=\"page-numbers\" href=\"https:\/\/nyje.al\/sq\/wp-json\/wp\/v2\/pages\/527\/page\/2\/\">2<\/a>\n<a class=\"page-numbers\" href=\"https:\/\/nyje.al\/sq\/wp-json\/wp\/v2\/pages\/527\/page\/3\/\">3<\/a>\n<span class=\"page-numbers dots\">&hellip;<\/span>\n<a class=\"page-numbers\" href=\"https:\/\/nyje.al\/sq\/wp-json\/wp\/v2\/pages\/527\/page\/7\/\">7<\/a>\n<a class=\"next page-numbers\" href=\"https:\/\/nyje.al\/sq\/wp-json\/wp\/v2\/pages\/527\/page\/2\/\"> \u00bb<\/a>\t\t\t<\/nav>\n\t\t\t\t\t\t<\/div>\n\t\t\n\t\t\n\t\t\t\t\t\t<\/div>\n\t\t\t\t<\/div>\n\t\t\t\t\t<\/div>\n\t\t\t\t<\/div>\n\t\t\t\t\t<\/div>\n\t\t\t\t<\/div>\n\t\t\t\t<\/div>","protected":false},"excerpt":{"rendered":"<p>Marisa Marisa \u2022 21\/01\/2023 \u2022 Njer\u00ebz t\u00eb Kamz\u00ebs, Nyje e re Leo Leo \u2022 07\/12\/2022 \u2022 Njer\u00ebz t\u00eb Kamz\u00ebs, Nyje e re Ida Ida \u2022 05\/12\/2022 \u2022 Njer\u00ebz t\u00eb Kamz\u00ebs, Nyje e re Mjerimi q\u00eb shkakton Shpresa Mjerimi q\u00eb shkakton Shpresa \u2022 01\/11\/2022 \u2022 Njer\u00ebz t\u00eb Kamz\u00ebs, Nyje e re Mit vegj\u00eblie (pjesa e dyt\u00eb) Mit vegj\u00eblie (pjesa e dyt\u00eb) \u2022 27\/10\/2022 \u2022 Kultur\u00eb, Njer\u00ebz t\u00eb Kamz\u00ebs, Nyje e re Mit vegj\u00eblie (pjesa e par\u00eb) Mit vegj\u00eblie (pjesa e par\u00eb) \u2022 27\/10\/2022 \u2022 Kultur\u00eb, Njer\u00ebz t\u00eb Kamz\u00ebs, Nyje e re 1 2 3 &hellip; 7 \u00bb<\/p>","protected":false},"author":1,"featured_media":0,"parent":0,"menu_order":0,"comment_status":"closed","ping_status":"closed","template":"elementor_header_footer","meta":{"episode_type":"","audio_file":"","podmotor_file_id":"","podmotor_episode_id":"","cover_image":"","cover_image_id":"","duration":"","filesize":"","filesize_raw":"","date_recorded":"","explicit":"","block":"","ocean_post_layout":"","ocean_both_sidebars_style":"","ocean_both_sidebars_content_width":0,"ocean_both_sidebars_sidebars_width":0,"ocean_sidebar":"","ocean_second_sidebar":"0","ocean_disable_margins":"enable","ocean_add_body_class":"","ocean_shortcode_before_top_bar":"","ocean_shortcode_after_top_bar":"","ocean_shortcode_before_header":"","ocean_shortcode_after_header":"","ocean_has_shortcode":"","ocean_shortcode_after_title":"","ocean_shortcode_before_footer_widgets":"","ocean_shortcode_after_footer_widgets":"","ocean_shortcode_before_footer_bottom":"","ocean_shortcode_after_footer_bottom":"","ocean_display_top_bar":"default","ocean_display_header":"default","ocean_header_style":"","ocean_center_header_left_menu":"0","ocean_custom_header_template":"0","ocean_custom_logo":0,"ocean_custom_retina_logo":0,"ocean_custom_logo_max_width":0,"ocean_custom_logo_tablet_max_width":0,"ocean_custom_logo_mobile_max_width":0,"ocean_custom_logo_max_height":0,"ocean_custom_logo_tablet_max_height":0,"ocean_custom_logo_mobile_max_height":0,"ocean_header_custom_menu":"0","ocean_menu_typo_font_family":"0","ocean_menu_typo_font_subset":"","ocean_menu_typo_font_size":0,"ocean_menu_typo_font_size_tablet":0,"ocean_menu_typo_font_size_mobile":0,"ocean_menu_typo_font_size_unit":"px","ocean_menu_typo_font_weight":"","ocean_menu_typo_font_weight_tablet":"","ocean_menu_typo_font_weight_mobile":"","ocean_menu_typo_transform":"","ocean_menu_typo_transform_tablet":"","ocean_menu_typo_transform_mobile":"","ocean_menu_typo_line_height":0,"ocean_menu_typo_line_height_tablet":0,"ocean_menu_typo_line_height_mobile":0,"ocean_menu_typo_line_height_unit":"","ocean_menu_typo_spacing":0,"ocean_menu_typo_spacing_tablet":0,"ocean_menu_typo_spacing_mobile":0,"ocean_menu_typo_spacing_unit":"","ocean_menu_link_color":"","ocean_menu_link_color_hover":"","ocean_menu_link_color_active":"","ocean_menu_link_background":"","ocean_menu_link_hover_background":"","ocean_menu_link_active_background":"","ocean_menu_social_links_bg":"","ocean_menu_social_hover_links_bg":"","ocean_menu_social_links_color":"","ocean_menu_social_hover_links_color":"","ocean_disable_title":"on","ocean_disable_heading":"default","ocean_post_title":"","ocean_post_subheading":"","ocean_post_title_style":"","ocean_post_title_background_color":"","ocean_post_title_background":0,"ocean_post_title_bg_image_position":"","ocean_post_title_bg_image_attachment":"","ocean_post_title_bg_image_repeat":"","ocean_post_title_bg_image_size":"","ocean_post_title_height":0,"ocean_post_title_bg_overlay":0.5,"ocean_post_title_bg_overlay_color":"","ocean_disable_breadcrumbs":"default","ocean_breadcrumbs_color":"","ocean_breadcrumbs_separator_color":"","ocean_breadcrumbs_links_color":"","ocean_breadcrumbs_links_hover_color":"","ocean_display_footer_widgets":"default","ocean_display_footer_bottom":"default","ocean_custom_footer_template":"0","footnotes":""},"class_list":["post-527","page","type-page","status-publish","hentry","entry","has-media"],"_links":{"self":[{"href":"https:\/\/nyje.al\/sq\/wp-json\/wp\/v2\/pages\/527","targetHints":{"allow":["GET"]}}],"collection":[{"href":"https:\/\/nyje.al\/sq\/wp-json\/wp\/v2\/pages"}],"about":[{"href":"https:\/\/nyje.al\/sq\/wp-json\/wp\/v2\/types\/page"}],"author":[{"embeddable":true,"href":"https:\/\/nyje.al\/sq\/wp-json\/wp\/v2\/users\/1"}],"replies":[{"embeddable":true,"href":"https:\/\/nyje.al\/sq\/wp-json\/wp\/v2\/comments?post=527"}],"version-history":[{"count":90,"href":"https:\/\/nyje.al\/sq\/wp-json\/wp\/v2\/pages\/527\/revisions"}],"predecessor-version":[{"id":24158,"href":"https:\/\/nyje.al\/sq\/wp-json\/wp\/v2\/pages\/527\/revisions\/24158"}],"wp:attachment":[{"href":"https:\/\/nyje.al\/sq\/wp-json\/wp\/v2\/media?parent=527"}],"curies":[{"name":"wp","href":"https:\/\/api.w.org\/{rel}","templated":true}]}}